{"id":23339,"date":"2023-06-27T12:17:11","date_gmt":"2023-06-27T09:17:11","guid":{"rendered":"https:\/\/valentinocorfu.com\/ipsos-local-area-apartments-in-ipsos-corfu-copy\/"},"modified":"2023-07-13T16:29:59","modified_gmt":"2023-07-13T13:29:59","slug":"ipsos-local-area-apartments-in-ipsos-corfou","status":"publish","type":"page","link":"https:\/\/valentinocorfu.com\/fr\/ipsos-local-area-apartments-in-ipsos-corfou\/","title":{"rendered":"La Zone"},"content":{"rendered":"\t\t<div data-elementor-type=\"wp-page\" data-elementor-id=\"23339\" class=\"elementor elementor-23339 elementor-18787\">\n\t\t\t\t\t\t\t\t\t<section class=\"elementor-section elementor-top-section elementor-element elementor-element-a3ad65d elementor-section-stretched elementor-section-content-middle scheme_dark elementor-section-height-min-height elementor-section-boxed elementor-section-height-default elementor-section-items-middle sc_fly_static\" data-id=\"a3ad65d\" data-element_type=\"section\" data-settings=\"{&quot;stretch_section&quot;:&quot;section-stretched&quot;,&quot;background_background&quot;:&quot;classic&quot;}\">\n\t\t\t\t\t\t\t<div class=\"elementor-background-overlay\"><\/div>\n\t\t\t\t\t\t\t<div class=\"elementor-container elementor-column-gap-extended\">\n\t\t\t\t\t<div class=\"elementor-column elementor-col-100 elementor-top-column elementor-element elementor-element-8f909f2 sc_inner_width_none sc_content_align_inherit sc_layouts_column_icons_position_left sc_fly_static\" data-id=\"8f909f2\" data-element_type=\"column\">\n\t\t\t<div class=\"elementor-widget-wrap elementor-element-populated\">\n\t\t\t\t\t\t\t\t<div class=\"elementor-element elementor-element-dc72754 sc_height_huge sc_fly_static elementor-widget elementor-widget-spacer\" data-id=\"dc72754\" data-element_type=\"widget\" data-widget_type=\"spacer.default\">\n\t\t\t\t<div class=\"elementor-widget-container\">\n\t\t\t\t\t<div class=\"elementor-spacer\">\n\t\t\t<div class=\"elementor-spacer-inner\"><\/div>\n\t\t<\/div>\n\t\t\t\t<\/div>\n\t\t\t\t<\/div>\n\t\t\t\t<div class=\"elementor-element elementor-element-fc39f35 head sc_fly_static elementor-widget elementor-widget-trx_sc_title\" data-id=\"fc39f35\" data-element_type=\"widget\" data-widget_type=\"trx_sc_title.default\">\n\t\t\t\t<div class=\"elementor-widget-container\">\n\t\t\t<div\t\tclass=\"sc_title sc_title_default\" ><span class=\"sc_item_subtitle sc_title_subtitle sc_align_center sc_item_subtitle_above sc_item_title_style_default\">VALENTINO CORFU<\/span><h2 class=\"sc_item_title sc_title_title sc_align_center sc_item_title_style_default\"\n\t\t\t><span class=\"sc_item_title_text\">Appartements \u00e0 Ipsos Corfou<\/span><\/h2><\/div>\t\t<\/div>\n\t\t\t\t<\/div>\n\t\t\t\t<div class=\"elementor-element elementor-element-74c73a3 sc_height_huge sc_layouts_hide_on_mobile sc_fly_static elementor-widget elementor-widget-spacer\" data-id=\"74c73a3\" data-element_type=\"widget\" data-widget_type=\"spacer.default\">\n\t\t\t\t<div class=\"elementor-widget-container\">\n\t\t\t\t\t<div class=\"elementor-spacer\">\n\t\t\t<div class=\"elementor-spacer-inner\"><\/div>\n\t\t<\/div>\n\t\t\t\t<\/div>\n\t\t\t\t<\/div>\n\t\t\t\t\t<\/div>\n\t\t<\/div>\n\t\t\t\t\t\t\t<\/div>\n\t\t<\/section>\n\t\t\t\t<section class=\"elementor-section elementor-top-section elementor-element elementor-element-fdd2b04 elementor-section-boxed elementor-section-height-default elementor-section-height-default sc_fly_static\" data-id=\"fdd2b04\" data-element_type=\"section\">\n\t\t\t\t\t\t<div class=\"elementor-container elementor-column-gap-extended\">\n\t\t\t\t\t<div class=\"elementor-column elementor-col-50 elementor-top-column elementor-element elementor-element-268dff0 sc_inner_width_none sc_content_align_inherit sc_layouts_column_icons_position_left sc_fly_static\" data-id=\"268dff0\" data-element_type=\"column\">\n\t\t\t<div class=\"elementor-widget-wrap elementor-element-populated\">\n\t\t\t\t\t\t\t\t<div class=\"elementor-element elementor-element-f22cf7e sc_fly_static elementor-widget elementor-widget-trx_sc_title\" data-id=\"f22cf7e\" data-element_type=\"widget\" data-widget_type=\"trx_sc_title.default\">\n\t\t\t\t<div class=\"elementor-widget-container\">\n\t\t\t<div\t\tclass=\"sc_title sc_title_default\" ><h2 class=\"sc_item_title sc_title_title sc_item_title_style_default sc_item_title_tag\"\n\t\t\t><span class=\"sc_item_title_text\">\u00cele de Corfu<\/span><\/h2><\/div>\t\t<\/div>\n\t\t\t\t<\/div>\n\t\t\t\t<div class=\"elementor-element elementor-element-5078ef2 sc_layouts_hide_on_tablet sc_layouts_hide_on_mobile sc_fly_static elementor-widget elementor-widget-spacer\" data-id=\"5078ef2\" data-element_type=\"widget\" data-widget_type=\"spacer.default\">\n\t\t\t\t<div class=\"elementor-widget-container\">\n\t\t\t\t\t<div class=\"elementor-spacer\">\n\t\t\t<div class=\"elementor-spacer-inner\"><\/div>\n\t\t<\/div>\n\t\t\t\t<\/div>\n\t\t\t\t<\/div>\n\t\t\t\t<div class=\"elementor-element elementor-element-915d145 sc_fly_static elementor-widget elementor-widget-text-editor\" data-id=\"915d145\" data-element_type=\"widget\" data-widget_type=\"text-editor.default\">\n\t\t\t\t<div class=\"elementor-widget-container\">\n\t\t\t\t\t\t\t<p>Corfou, une \u00eele d\u2019une verdure tr\u00e8s dense, est influenc\u00e9e par de nombreuses cultures europ\u00e9ennes telles que celle de Venise, de France et d\u2019Angleterre. Cela devient encore pus \u00e9vident dans la vieille ville de Corfou, class\u00e9e au patrimoine mondial de l\u2019Unesco. Elle a \u00e9t\u00e9 habit\u00e9e par des rois et des princes, comme par exemple l\u2019imp\u00e9ratrice Sissi qui a v\u00e9cu dans le palais Achilleion.<br \/>Vous trouverez des plages superbes partout \u00e0 Corfou. Elles peuvent \u00eatre tr\u00e8s fr\u00e9quent\u00e9es ou calmes, de sable, de galets ou de rochers. La couleur verte domine le paysage. Certaines r\u00e9gions de Corfou offrent une vie nocturne tr\u00e8s anim\u00e9e, mais vous pouvez \u00e9galement trouver de petits villages tranquilles avec un caract\u00e8re fortement traditionnel o\u00f9 vous aurez l\u2019occasion de go\u00fbter \u00e0 des sp\u00e9cialit\u00e9s locales.<\/p>\t\t\t\t\t\t<\/div>\n\t\t\t\t<\/div>\n\t\t\t\t\t<\/div>\n\t\t<\/div>\n\t\t\t\t<div class=\"elementor-column elementor-col-50 elementor-top-column elementor-element elementor-element-2eac226 sc_inner_width_none sc_content_align_inherit sc_layouts_column_icons_position_left sc_fly_static\" data-id=\"2eac226\" data-element_type=\"column\">\n\t\t\t<div class=\"elementor-widget-wrap elementor-element-populated\">\n\t\t\t\t\t\t\t\t<div class=\"elementor-element elementor-element-2df41fd sc_fly_static elementor-widget elementor-widget-image\" data-id=\"2df41fd\" data-element_type=\"widget\" data-widget_type=\"image.default\">\n\t\t\t\t<div class=\"elementor-widget-container\">\n\t\t\t\t\t\t\t\t\t\t\t\t\t\t\t<img decoding=\"async\" loading=\"lazy\" width=\"800\" height=\"550\" src=\"https:\/\/valentinocorfu.com\/wp-content\/uploads\/2023\/06\/corfu-1-2.jpg\" class=\"attachment-large size-large wp-image-22861\" alt=\"\" srcset=\"https:\/\/valentinocorfu.com\/wp-content\/uploads\/2023\/06\/corfu-1-2.jpg 800w, https:\/\/valentinocorfu.com\/wp-content\/uploads\/2023\/06\/corfu-1-2-300x206.jpg 300w, https:\/\/valentinocorfu.com\/wp-content\/uploads\/2023\/06\/corfu-1-2-768x528.jpg 768w, https:\/\/valentinocorfu.com\/wp-content\/uploads\/2023\/06\/corfu-1-2-370x254.jpg 370w, https:\/\/valentinocorfu.com\/wp-content\/uploads\/2023\/06\/corfu-1-2-410x282.jpg 410w, https:\/\/valentinocorfu.com\/wp-content\/uploads\/2023\/06\/corfu-1-2-200x138.jpg 200w, https:\/\/valentinocorfu.com\/wp-content\/uploads\/2023\/06\/corfu-1-2-400x275.jpg 400w, https:\/\/valentinocorfu.com\/wp-content\/uploads\/2023\/06\/corfu-1-2-500x344.jpg 500w, https:\/\/valentinocorfu.com\/wp-content\/uploads\/2023\/06\/corfu-1-2-600x413.jpg 600w, https:\/\/valentinocorfu.com\/wp-content\/uploads\/2023\/06\/corfu-1-2-700x481.jpg 700w\" sizes=\"(max-width: 800px) 100vw, 800px\" \/>\t\t\t\t\t\t\t\t\t\t\t\t\t\t\t<\/div>\n\t\t\t\t<\/div>\n\t\t\t\t\t<\/div>\n\t\t<\/div>\n\t\t\t\t\t\t\t<\/div>\n\t\t<\/section>\n\t\t\t\t<section class=\"elementor-section elementor-top-section elementor-element elementor-element-266b4e10 elementor-section-full_width elementor-section-content-middle scheme_default elementor-reverse-tablet elementor-reverse-mobile elementor-section-height-default elementor-section-height-default sc_fly_static\" data-id=\"266b4e10\" data-element_type=\"section\" id=\"local\" data-settings=\"{&quot;background_background&quot;:&quot;classic&quot;}\">\n\t\t\t\t\t\t<div class=\"elementor-container elementor-column-gap-no\">\n\t\t\t\t\t<div class=\"elementor-column elementor-col-50 elementor-top-column elementor-element elementor-element-2de34487 sc_inner_width_none sc_content_align_inherit sc_layouts_column_icons_position_left sc_fly_static\" data-id=\"2de34487\" data-element_type=\"column\" data-settings=\"{&quot;background_background&quot;:&quot;classic&quot;}\">\n\t\t\t<div class=\"elementor-widget-wrap elementor-element-populated\">\n\t\t\t\t\t\t\t\t<div class=\"elementor-element elementor-element-3346179d sc_height_huge sc_fly_static elementor-widget elementor-widget-spacer\" data-id=\"3346179d\" data-element_type=\"widget\" data-widget_type=\"spacer.default\">\n\t\t\t\t<div class=\"elementor-widget-container\">\n\t\t\t\t\t<div class=\"elementor-spacer\">\n\t\t\t<div class=\"elementor-spacer-inner\"><\/div>\n\t\t<\/div>\n\t\t\t\t<\/div>\n\t\t\t\t<\/div>\n\t\t\t\t<section class=\"elementor-section elementor-inner-section elementor-element elementor-element-b220876 elementor-section-boxed elementor-section-height-default elementor-section-height-default sc_fly_static\" data-id=\"b220876\" data-element_type=\"section\" data-settings=\"{&quot;background_background&quot;:&quot;classic&quot;}\">\n\t\t\t\t\t\t<div class=\"elementor-container elementor-column-gap-no\">\n\t\t\t\t\t<div class=\"elementor-column elementor-col-100 elementor-inner-column elementor-element elementor-element-41ca05b8 sc_inner_width_none sc_content_align_inherit sc_layouts_column_icons_position_left sc_fly_static\" data-id=\"41ca05b8\" data-element_type=\"column\">\n\t\t\t<div class=\"elementor-widget-wrap elementor-element-populated\">\n\t\t\t\t\t\t\t\t<div class=\"elementor-element elementor-element-28d5e2fa no-title sc_fly_static elementor-widget elementor-widget-image\" data-id=\"28d5e2fa\" data-element_type=\"widget\" data-widget_type=\"image.default\">\n\t\t\t\t<div class=\"elementor-widget-container\">\n\t\t\t\t\t\t\t\t\t\t\t\t\t\t\t<img decoding=\"async\" loading=\"lazy\" width=\"1920\" height=\"1100\" src=\"https:\/\/valentinocorfu.com\/wp-content\/uploads\/2023\/06\/corfu-2-1.jpg\" class=\"attachment-full size-full wp-image-22864\" alt=\"\" srcset=\"https:\/\/valentinocorfu.com\/wp-content\/uploads\/2023\/06\/corfu-2-1.jpg 1920w, https:\/\/valentinocorfu.com\/wp-content\/uploads\/2023\/06\/corfu-2-1-300x172.jpg 300w, https:\/\/valentinocorfu.com\/wp-content\/uploads\/2023\/06\/corfu-2-1-1024x587.jpg 1024w, https:\/\/valentinocorfu.com\/wp-content\/uploads\/2023\/06\/corfu-2-1-768x440.jpg 768w, https:\/\/valentinocorfu.com\/wp-content\/uploads\/2023\/06\/corfu-2-1-1536x880.jpg 1536w, https:\/\/valentinocorfu.com\/wp-content\/uploads\/2023\/06\/corfu-2-1-370x212.jpg 370w, https:\/\/valentinocorfu.com\/wp-content\/uploads\/2023\/06\/corfu-2-1-840x481.jpg 840w, https:\/\/valentinocorfu.com\/wp-content\/uploads\/2023\/06\/corfu-2-1-410x235.jpg 410w, https:\/\/valentinocorfu.com\/wp-content\/uploads\/2023\/06\/corfu-2-1-200x115.jpg 200w, https:\/\/valentinocorfu.com\/wp-content\/uploads\/2023\/06\/corfu-2-1-400x229.jpg 400w, https:\/\/valentinocorfu.com\/wp-content\/uploads\/2023\/06\/corfu-2-1-500x286.jpg 500w, https:\/\/valentinocorfu.com\/wp-content\/uploads\/2023\/06\/corfu-2-1-600x344.jpg 600w, https:\/\/valentinocorfu.com\/wp-content\/uploads\/2023\/06\/corfu-2-1-700x401.jpg 700w, https:\/\/valentinocorfu.com\/wp-content\/uploads\/2023\/06\/corfu-2-1-800x458.jpg 800w, https:\/\/valentinocorfu.com\/wp-content\/uploads\/2023\/06\/corfu-2-1-900x516.jpg 900w, https:\/\/valentinocorfu.com\/wp-content\/uploads\/2023\/06\/corfu-2-1-1000x573.jpg 1000w, https:\/\/valentinocorfu.com\/wp-content\/uploads\/2023\/06\/corfu-2-1-1100x630.jpg 1100w, https:\/\/valentinocorfu.com\/wp-content\/uploads\/2023\/06\/corfu-2-1-1200x688.jpg 1200w, https:\/\/valentinocorfu.com\/wp-content\/uploads\/2023\/06\/corfu-2-1-1300x745.jpg 1300w, https:\/\/valentinocorfu.com\/wp-content\/uploads\/2023\/06\/corfu-2-1-1400x802.jpg 1400w, https:\/\/valentinocorfu.com\/wp-content\/uploads\/2023\/06\/corfu-2-1-1500x859.jpg 1500w, https:\/\/valentinocorfu.com\/wp-content\/uploads\/2023\/06\/corfu-2-1-1600x917.jpg 1600w, https:\/\/valentinocorfu.com\/wp-content\/uploads\/2023\/06\/corfu-2-1-1700x974.jpg 1700w, https:\/\/valentinocorfu.com\/wp-content\/uploads\/2023\/06\/corfu-2-1-1800x1031.jpg 1800w\" sizes=\"(max-width: 1920px) 100vw, 1920px\" \/>\t\t\t\t\t\t\t\t\t\t\t\t\t\t\t<\/div>\n\t\t\t\t<\/div>\n\t\t\t\t\t<\/div>\n\t\t<\/div>\n\t\t\t\t\t\t\t<\/div>\n\t\t<\/section>\n\t\t\t\t<div class=\"elementor-element elementor-element-80d8139 sc_height_huge sc_fly_static elementor-widget elementor-widget-spacer\" data-id=\"80d8139\" data-element_type=\"widget\" data-widget_type=\"spacer.default\">\n\t\t\t\t<div class=\"elementor-widget-container\">\n\t\t\t\t\t<div class=\"elementor-spacer\">\n\t\t\t<div class=\"elementor-spacer-inner\"><\/div>\n\t\t<\/div>\n\t\t\t\t<\/div>\n\t\t\t\t<\/div>\n\t\t\t\t\t<\/div>\n\t\t<\/div>\n\t\t\t\t<div class=\"elementor-column elementor-col-50 elementor-top-column elementor-element elementor-element-564b935e sc_extra_bg_large_right sc-mobile_inner_width_none sc_inner_width_none sc_content_align_inherit sc_layouts_column_icons_position_left sc_fly_static\" data-id=\"564b935e\" data-element_type=\"column\" data-settings=\"{&quot;background_background&quot;:&quot;classic&quot;}\">\n\t\t\t<div class=\"elementor-widget-wrap elementor-element-populated\">\n\t\t\t\t\t\t\t\t<div class=\"elementor-element elementor-element-64426522 sc_height_large sc_layouts_hide_on_mobile sc_fly_static elementor-widget elementor-widget-spacer\" data-id=\"64426522\" data-element_type=\"widget\" data-widget_type=\"spacer.default\">\n\t\t\t\t<div class=\"elementor-widget-container\">\n\t\t\t\t\t<div class=\"elementor-spacer\">\n\t\t\t<div class=\"elementor-spacer-inner\"><\/div>\n\t\t<\/div>\n\t\t\t\t<\/div>\n\t\t\t\t<\/div>\n\t\t\t\t<div class=\"elementor-element elementor-element-4fba9f6c sc_fly_static elementor-widget elementor-widget-trx_sc_title\" data-id=\"4fba9f6c\" data-element_type=\"widget\" data-widget_type=\"trx_sc_title.default\">\n\t\t\t\t<div class=\"elementor-widget-container\">\n\t\t\t<div\t\tclass=\"sc_title sc_title_default\" ><h2 class=\"sc_item_title sc_title_title sc_item_title_style_default sc_item_title_tag\"\n\t\t\t><span class=\"sc_item_title_text\">R\u00e9gion locale<\/span><\/h2><\/div>\t\t<\/div>\n\t\t\t\t<\/div>\n\t\t\t\t<div class=\"elementor-element elementor-element-529560d4 sc_layouts_hide_on_tablet sc_layouts_hide_on_mobile sc_fly_static elementor-widget elementor-widget-spacer\" data-id=\"529560d4\" data-element_type=\"widget\" data-widget_type=\"spacer.default\">\n\t\t\t\t<div class=\"elementor-widget-container\">\n\t\t\t\t\t<div class=\"elementor-spacer\">\n\t\t\t<div class=\"elementor-spacer-inner\"><\/div>\n\t\t<\/div>\n\t\t\t\t<\/div>\n\t\t\t\t<\/div>\n\t\t\t\t<div class=\"elementor-element elementor-element-0c610b8 sc_fly_static elementor-widget elementor-widget-text-editor\" data-id=\"0c610b8\" data-element_type=\"widget\" data-widget_type=\"text-editor.default\">\n\t\t\t\t<div class=\"elementor-widget-container\">\n\t\t\t\t\t\t\t<p>Ipsos est tr\u00e8s vari\u00e9e au niveau de la nourriture, des bars, des caf\u00e9s ou des tavernes. En dehors de la cuisine locale et grecque, vous avez \u00e9galement la possibilit\u00e9 de profiter d\u2019un \u00ab petit-d\u00e9jeuner anglais \u00bb ou cuisine chinoise ou italienne.<br \/>En plus de tout cela, vous pourrez faire l\u2019exp\u00e9rience des soir\u00e9es grecques, avec de la cuisine et des boissons ainsi que de la musique et de la danse de la tradition locale ou grecque. Vous pourrez profiter de tout \u00e7a, que vous soyez seul, entre amis ou en famille.<br \/>Si vous souhaitez faire des sports nautiques, vous pouvez faire de la navigation de plaisance ainsi de la plong\u00e9e ou du parachute ascensionnel.<\/p>\t\t\t\t\t\t<\/div>\n\t\t\t\t<\/div>\n\t\t\t\t<div class=\"elementor-element elementor-element-6dff9c52 sc_height_large sc_layouts_hide_on_mobile sc_fly_static elementor-widget elementor-widget-spacer\" data-id=\"6dff9c52\" data-element_type=\"widget\" data-widget_type=\"spacer.default\">\n\t\t\t\t<div class=\"elementor-widget-container\">\n\t\t\t\t\t<div class=\"elementor-spacer\">\n\t\t\t<div class=\"elementor-spacer-inner\"><\/div>\n\t\t<\/div>\n\t\t\t\t<\/div>\n\t\t\t\t<\/div>\n\t\t\t\t\t<\/div>\n\t\t<\/div>\n\t\t\t\t\t\t\t<\/div>\n\t\t<\/section>\n\t\t\t\t<section class=\"elementor-section elementor-top-section elementor-element elementor-element-69d5815 elementor-section-boxed elementor-section-height-default elementor-section-height-default sc_fly_static\" data-id=\"69d5815\" data-element_type=\"section\">\n\t\t\t\t\t\t<div class=\"elementor-container elementor-column-gap-extended\">\n\t\t\t\t\t<div class=\"elementor-column elementor-col-50 elementor-top-column elementor-element elementor-element-c3d0cce sc_inner_width_none sc_content_align_inherit sc_layouts_column_icons_position_left sc_fly_static\" data-id=\"c3d0cce\" data-element_type=\"column\">\n\t\t\t<div class=\"elementor-widget-wrap elementor-element-populated\">\n\t\t\t\t\t\t\t\t<div class=\"elementor-element elementor-element-8b60aa4 sc_fly_static elementor-widget elementor-widget-trx_sc_title\" data-id=\"8b60aa4\" data-element_type=\"widget\" data-widget_type=\"trx_sc_title.default\">\n\t\t\t\t<div class=\"elementor-widget-container\">\n\t\t\t<div\t\tclass=\"sc_title sc_title_default\" ><h2 class=\"sc_item_title sc_title_title sc_item_title_style_default sc_item_title_tag\"\n\t\t\t><span class=\"sc_item_title_text\">Plage d'Ipsos<\/span><\/h2><\/div>\t\t<\/div>\n\t\t\t\t<\/div>\n\t\t\t\t<div class=\"elementor-element elementor-element-98a989a sc_layouts_hide_on_tablet sc_layouts_hide_on_mobile sc_fly_static elementor-widget elementor-widget-spacer\" data-id=\"98a989a\" data-element_type=\"widget\" data-widget_type=\"spacer.default\">\n\t\t\t\t<div class=\"elementor-widget-container\">\n\t\t\t\t\t<div class=\"elementor-spacer\">\n\t\t\t<div class=\"elementor-spacer-inner\"><\/div>\n\t\t<\/div>\n\t\t\t\t<\/div>\n\t\t\t\t<\/div>\n\t\t\t\t<div class=\"elementor-element elementor-element-f482550 sc_fly_static elementor-widget elementor-widget-text-editor\" data-id=\"f482550\" data-element_type=\"widget\" data-widget_type=\"text-editor.default\">\n\t\t\t\t<div class=\"elementor-widget-container\">\n\t\t\t\t\t\t\t<p>La plage d\u2019Ipsos est une plage class\u00e9e Pavillon bleu, connue pour sa propret\u00e9 et ses eaux pures. Si vous souhaitez explorer la r\u00e9gion, vous devriez visiter le petit village pittoresque de Ipsos. Vous aurez l\u2019impression que le temps ici s\u2019est arr\u00eat\u00e9 il y a longtemps. Dans ce village, avec ses rues \u00e9troites et ses maisons de pierre, vous vous croirez dans le bon vieux temps. En outre, dans le vieux port, il y a une \u00e9glise grecque que vous pouvez visiter et profiter de cette sensation de petite ville.<\/p>\t\t\t\t\t\t<\/div>\n\t\t\t\t<\/div>\n\t\t\t\t\t<\/div>\n\t\t<\/div>\n\t\t\t\t<div class=\"elementor-column elementor-col-50 elementor-top-column elementor-element elementor-element-800630a sc_inner_width_none sc_content_align_inherit sc_layouts_column_icons_position_left sc_fly_static\" data-id=\"800630a\" data-element_type=\"column\">\n\t\t\t<div class=\"elementor-widget-wrap elementor-element-populated\">\n\t\t\t\t\t\t\t\t<div class=\"elementor-element elementor-element-4d751f0 sc_fly_static elementor-widget elementor-widget-image\" data-id=\"4d751f0\" data-element_type=\"widget\" data-widget_type=\"image.default\">\n\t\t\t\t<div class=\"elementor-widget-container\">\n\t\t\t\t\t\t\t\t\t\t\t\t\t\t\t<img decoding=\"async\" loading=\"lazy\" width=\"800\" height=\"550\" src=\"https:\/\/valentinocorfu.com\/wp-content\/uploads\/2023\/06\/ipsos-corfu-1.jpg\" class=\"attachment-large size-large wp-image-22855\" alt=\"\" srcset=\"https:\/\/valentinocorfu.com\/wp-content\/uploads\/2023\/06\/ipsos-corfu-1.jpg 800w, https:\/\/valentinocorfu.com\/wp-content\/uploads\/2023\/06\/ipsos-corfu-1-300x206.jpg 300w, https:\/\/valentinocorfu.com\/wp-content\/uploads\/2023\/06\/ipsos-corfu-1-768x528.jpg 768w, https:\/\/valentinocorfu.com\/wp-content\/uploads\/2023\/06\/ipsos-corfu-1-370x254.jpg 370w, https:\/\/valentinocorfu.com\/wp-content\/uploads\/2023\/06\/ipsos-corfu-1-410x282.jpg 410w, https:\/\/valentinocorfu.com\/wp-content\/uploads\/2023\/06\/ipsos-corfu-1-200x138.jpg 200w, https:\/\/valentinocorfu.com\/wp-content\/uploads\/2023\/06\/ipsos-corfu-1-400x275.jpg 400w, https:\/\/valentinocorfu.com\/wp-content\/uploads\/2023\/06\/ipsos-corfu-1-500x344.jpg 500w, https:\/\/valentinocorfu.com\/wp-content\/uploads\/2023\/06\/ipsos-corfu-1-600x413.jpg 600w, https:\/\/valentinocorfu.com\/wp-content\/uploads\/2023\/06\/ipsos-corfu-1-700x481.jpg 700w\" sizes=\"(max-width: 800px) 100vw, 800px\" \/>\t\t\t\t\t\t\t\t\t\t\t\t\t\t\t<\/div>\n\t\t\t\t<\/div>\n\t\t\t\t\t<\/div>\n\t\t<\/div>\n\t\t\t\t\t\t\t<\/div>\n\t\t<\/section>\n\t\t\t\t\t\t\t<\/div>\n\t\t","protected":false},"excerpt":{"rendered":"<p>VALENTINO CORFU Appartements \u00e0 Ipsos Corfou \u00cele de Corfu Corfou, une \u00eele d\u2019une verdure tr\u00e8s dense, est influenc\u00e9e par de nombreuses cultures europ\u00e9ennes telles que celle de Venise, de France&hellip;<\/p>\n","protected":false},"author":49,"featured_media":0,"parent":0,"menu_order":0,"comment_status":"closed","ping_status":"closed","template":"elementor_header_footer","meta":{"footnotes":""},"aioseo_notices":[],"_links":{"self":[{"href":"https:\/\/valentinocorfu.com\/fr\/wp-json\/wp\/v2\/pages\/23339"}],"collection":[{"href":"https:\/\/valentinocorfu.com\/fr\/wp-json\/wp\/v2\/pages"}],"about":[{"href":"https:\/\/valentinocorfu.com\/fr\/wp-json\/wp\/v2\/types\/page"}],"author":[{"embeddable":true,"href":"https:\/\/valentinocorfu.com\/fr\/wp-json\/wp\/v2\/users\/49"}],"replies":[{"embeddable":true,"href":"https:\/\/valentinocorfu.com\/fr\/wp-json\/wp\/v2\/comments?post=23339"}],"version-history":[{"count":13,"href":"https:\/\/valentinocorfu.com\/fr\/wp-json\/wp\/v2\/pages\/23339\/revisions"}],"predecessor-version":[{"id":23962,"href":"https:\/\/valentinocorfu.com\/fr\/wp-json\/wp\/v2\/pages\/23339\/revisions\/23962"}],"wp:attachment":[{"href":"https:\/\/valentinocorfu.com\/fr\/wp-json\/wp\/v2\/media?parent=23339"}],"curies":[{"name":"wp","href":"https:\/\/api.w.org\/{rel}","templated":true}]}}